{"id":169,"date":"2025-08-07T17:00:52","date_gmt":"2025-08-07T17:00:52","guid":{"rendered":"https:\/\/www.zeitzudenken.arranca.de\/?page_id=169"},"modified":"2026-05-01T09:21:09","modified_gmt":"2026-05-01T09:21:09","slug":"unterstuetzerinnen","status":"publish","type":"page","link":"https:\/\/zeitzudenken.arranca.de\/index.php\/unterstuetzerinnen\/","title":{"rendered":"Unterst\u00fctzung"},"content":{"rendered":"\n<div style=\"height:100px\" aria-hidden=\"true\" class=\"wp-block-spacer\"><\/div>\n\n\n\n<h2 class=\"wp-block-heading\">Wer uns supportet<\/h2>\n\n\n\n<p>&#8222;Zeit zu Denken&#8220; wird von verschiedenen Gruppen getragen und auf verschiedene Weise unterst\u00fctzt. Zu unseren Unterst\u00fctzer*innen geh\u00f6ren:<\/p>\n\n\n\n<div style=\"height:25px\" aria-hidden=\"true\" class=\"wp-block-spacer\"><\/div>\n\n\n\n<p><a href=\"https:\/\/falken-erfurt.de\/\">SJD &#8211; Die Falken Erfurt<\/a><\/p>\n\n\n\n<figure class=\"wp-block-image size-full is-resized\"><img loading=\"lazy\" decoding=\"async\" width=\"1024\" height=\"470\" src=\"https:\/\/www.zeitzudenken.arranca.de\/wp-content\/uploads\/2025\/07\/falken-1.jpg\" alt=\"\" class=\"wp-image-39\" style=\"width:175px;height:auto\" srcset=\"https:\/\/zeitzudenken.arranca.de\/wp-content\/uploads\/2025\/07\/falken-1.jpg 1024w, https:\/\/zeitzudenken.arranca.de\/wp-content\/uploads\/2025\/07\/falken-1-300x138.jpg 300w, https:\/\/zeitzudenken.arranca.de\/wp-content\/uploads\/2025\/07\/falken-1-768x353.jpg 768w\" sizes=\"auto, (max-width: 1024px) 100vw, 1024px\" \/><\/figure>\n\n\n\n<div style=\"height:25px\" aria-hidden=\"true\" class=\"wp-block-spacer\"><\/div>\n\n\n\n<p>Veto Erfurt<\/p>\n\n\n\n<figure class=\"wp-block-image size-full is-resized\"><img loading=\"lazy\" decoding=\"async\" width=\"201\" height=\"85\" src=\"https:\/\/www.zeitzudenken.arranca.de\/wp-content\/uploads\/2025\/07\/veto_logo_cropped.jpeg\" alt=\"\" class=\"wp-image-49\" style=\"width:109px;height:auto\"\/><\/figure>\n\n\n\n<div style=\"height:25px\" aria-hidden=\"true\" class=\"wp-block-spacer\"><\/div>\n\n\n\n<p><a href=\"https:\/\/dissens.noblogs.org\/\">Dissens Erfurt<\/a><\/p>\n\n\n\n<figure class=\"wp-block-image size-full is-resized\"><img loading=\"lazy\" decoding=\"async\" width=\"720\" height=\"207\" src=\"https:\/\/www.zeitzudenken.arranca.de\/wp-content\/uploads\/2025\/07\/dissens.gif\" alt=\"\" class=\"wp-image-43\" style=\"width:152px;height:auto\"\/><\/figure>\n\n\n\n<div style=\"height:25px\" aria-hidden=\"true\" class=\"wp-block-spacer\"><\/div>\n\n\n\n<p><a href=\"https:\/\/kritikintervention.noblogs.org\/\"><\/a><a href=\"https:\/\/kritikintervention.noblogs.org\/\">Kritik und Intervention &#8211; \/ Feministische Gruppe in Erfurt<\/a><\/p>\n\n\n\n<figure class=\"wp-block-image size-full is-resized\"><img loading=\"lazy\" decoding=\"async\" width=\"1056\" height=\"146\" src=\"https:\/\/www.zeitzudenken.arranca.de\/wp-content\/uploads\/2025\/09\/Bildschirmfoto-2025-09-22-um-17.51.20.jpg\" alt=\"\" class=\"wp-image-295\" style=\"width:446px;height:auto\" srcset=\"https:\/\/zeitzudenken.arranca.de\/wp-content\/uploads\/2025\/09\/Bildschirmfoto-2025-09-22-um-17.51.20.jpg 1056w, https:\/\/zeitzudenken.arranca.de\/wp-content\/uploads\/2025\/09\/Bildschirmfoto-2025-09-22-um-17.51.20-300x41.jpg 300w, https:\/\/zeitzudenken.arranca.de\/wp-content\/uploads\/2025\/09\/Bildschirmfoto-2025-09-22-um-17.51.20-1024x142.jpg 1024w, https:\/\/zeitzudenken.arranca.de\/wp-content\/uploads\/2025\/09\/Bildschirmfoto-2025-09-22-um-17.51.20-768x106.jpg 768w\" sizes=\"auto, (max-width: 1056px) 100vw, 1056px\" \/><\/figure>\n\n\n\n<div style=\"height:25px\" aria-hidden=\"true\" class=\"wp-block-spacer\"><\/div>\n\n\n\n<p><a href=\"https:\/\/th.rosalux.de\/\">Rosa-Luxemburg-Stiftung Th\u00fcringen<\/a><\/p>\n\n\n\n<figure class=\"wp-block-image size-large is-resized\"><img loading=\"lazy\" decoding=\"async\" width=\"1024\" height=\"1024\" src=\"https:\/\/www.zeitzudenken.arranca.de\/wp-content\/uploads\/2025\/07\/rosalux-1-1024x1024.jpg\" alt=\"\" class=\"wp-image-40\" style=\"width:96px;height:auto\" srcset=\"https:\/\/zeitzudenken.arranca.de\/wp-content\/uploads\/2025\/07\/rosalux-1-1024x1024.jpg 1024w, https:\/\/zeitzudenken.arranca.de\/wp-content\/uploads\/2025\/07\/rosalux-1-300x300.jpg 300w, https:\/\/zeitzudenken.arranca.de\/wp-content\/uploads\/2025\/07\/rosalux-1-150x150.jpg 150w, https:\/\/zeitzudenken.arranca.de\/wp-content\/uploads\/2025\/07\/rosalux-1-768x768.jpg 768w, https:\/\/zeitzudenken.arranca.de\/wp-content\/uploads\/2025\/07\/rosalux-1.jpg 1080w\" sizes=\"auto, (max-width: 1024px) 100vw, 1024px\" \/><\/figure>\n\n\n\n<div style=\"height:25px\" aria-hidden=\"true\" class=\"wp-block-spacer\"><\/div>\n\n\n\n\n\n\n\n<div style=\"height:25px\" aria-hidden=\"true\" class=\"wp-block-spacer\"><\/div>\n\n\n\n<p><a href=\"https:\/\/biko.arranca.de\/\">Bildungskollektiv (BiKo)<\/a><\/p>\n\n\n\n<figure class=\"wp-block-image size-full is-resized\"><img loading=\"lazy\" decoding=\"async\" width=\"499\" height=\"239\" src=\"https:\/\/www.zeitzudenken.arranca.de\/wp-content\/uploads\/2025\/07\/biko.png\" alt=\"\" class=\"wp-image-41\" style=\"width:108px;height:auto\" srcset=\"https:\/\/zeitzudenken.arranca.de\/wp-content\/uploads\/2025\/07\/biko.png 499w, https:\/\/zeitzudenken.arranca.de\/wp-content\/uploads\/2025\/07\/biko-300x144.png 300w\" sizes=\"auto, (max-width: 499px) 100vw, 499px\" \/><\/figure>\n\n\n\n<div style=\"height:100px\" aria-hidden=\"true\" class=\"wp-block-spacer\"><\/div>\n\n\n\n<h2 class=\"wp-block-heading\">Weitere Vernetzungstermine<\/h2>\n\n\n\n<p><a href=\"https:\/\/www.ratschlag-thueringen.de\/aktuelles\/kurzaufruf-ratschlag-2025\/\">Antifaschistischer und Antirassistischer Ratschlag Th\u00fcringen<\/a><\/p>\n\n\n\n<p><\/p>\n","protected":false},"excerpt":{"rendered":"<p>Wer uns supportet &#8222;Zeit zu Denken&#8220; wird von verschiedenen Gruppen getragen und auf verschiedene Weise unterst\u00fctzt. Zu unseren Unterst\u00fctzer*innen geh\u00f6ren: SJD &#8211; Die Falken Erfurt Veto Erfurt Dissens Erfurt Kritik und Intervention &#8211; \/ Feministische Gruppe in Erfurt Rosa-Luxemburg-Stiftung Th\u00fcringen Bildungskollektiv (BiKo) Weitere Vernetzungstermine Antifaschistischer und Antirassistischer Ratschlag Th\u00fcringen<\/p>\n","protected":false},"author":1,"featured_media":0,"parent":0,"menu_order":0,"comment_status":"closed","ping_status":"closed","template":"","meta":{"footnotes":""},"class_list":["post-169","page","type-page","status-publish","hentry"],"yoast_head":"<!-- This site is optimized with the Yoast SEO plugin v27.5 - https:\/\/yoast.com\/product\/yoast-seo-wordpress\/ -->\n<title>Unterst\u00fctzung - Zeit zu Denken<\/title>\n<meta name=\"robots\" content=\"index, follow, max-snippet:-1, max-image-preview:large, max-video-preview:-1\" \/>\n<link rel=\"canonical\" href=\"https:\/\/zeitzudenken.arranca.de\/index.php\/unterstuetzerinnen\/\" \/>\n<meta property=\"og:locale\" content=\"de_DE\" \/>\n<meta property=\"og:type\" content=\"article\" \/>\n<meta property=\"og:title\" content=\"Unterst\u00fctzung - Zeit zu Denken\" \/>\n<meta property=\"og:description\" content=\"Wer uns supportet &#8222;Zeit zu Denken&#8220; wird von verschiedenen Gruppen getragen und auf verschiedene Weise unterst\u00fctzt. Zu unseren Unterst\u00fctzer*innen geh\u00f6ren: SJD &#8211; Die Falken Erfurt Veto Erfurt Dissens Erfurt Kritik und Intervention &#8211; \/ Feministische Gruppe in Erfurt Rosa-Luxemburg-Stiftung Th\u00fcringen Bildungskollektiv (BiKo) Weitere Vernetzungstermine Antifaschistischer und Antirassistischer Ratschlag Th\u00fcringen\" \/>\n<meta property=\"og:url\" content=\"https:\/\/zeitzudenken.arranca.de\/index.php\/unterstuetzerinnen\/\" \/>\n<meta property=\"og:site_name\" content=\"Zeit zu Denken\" \/>\n<meta property=\"article:modified_time\" content=\"2026-05-01T09:21:09+00:00\" \/>\n<meta property=\"og:image\" content=\"https:\/\/zeitzudenken.arranca.de\/wp-content\/uploads\/2025\/07\/falken-1.jpg\" \/>\n\t<meta property=\"og:image:width\" content=\"1024\" \/>\n\t<meta property=\"og:image:height\" content=\"470\" \/>\n\t<meta property=\"og:image:type\" content=\"image\/jpeg\" \/>\n<meta name=\"twitter:card\" content=\"summary_large_image\" \/>\n<meta name=\"twitter:label1\" content=\"Gesch\u00e4tzte Lesezeit\" \/>\n\t<meta name=\"twitter:data1\" content=\"2\u00a0Minuten\" \/>\n<script type=\"application\/ld+json\" class=\"yoast-schema-graph\">{\"@context\":\"https:\\\/\\\/schema.org\",\"@graph\":[{\"@type\":\"WebPage\",\"@id\":\"https:\\\/\\\/zeitzudenken.arranca.de\\\/index.php\\\/unterstuetzerinnen\\\/\",\"url\":\"https:\\\/\\\/zeitzudenken.arranca.de\\\/index.php\\\/unterstuetzerinnen\\\/\",\"name\":\"Unterst\u00fctzung - Zeit zu Denken\",\"isPartOf\":{\"@id\":\"https:\\\/\\\/zeitzudenken.arranca.de\\\/#website\"},\"primaryImageOfPage\":{\"@id\":\"https:\\\/\\\/zeitzudenken.arranca.de\\\/index.php\\\/unterstuetzerinnen\\\/#primaryimage\"},\"image\":{\"@id\":\"https:\\\/\\\/zeitzudenken.arranca.de\\\/index.php\\\/unterstuetzerinnen\\\/#primaryimage\"},\"thumbnailUrl\":\"https:\\\/\\\/www.zeitzudenken.arranca.de\\\/wp-content\\\/uploads\\\/2025\\\/07\\\/falken-1.jpg\",\"datePublished\":\"2025-08-07T17:00:52+00:00\",\"dateModified\":\"2026-05-01T09:21:09+00:00\",\"breadcrumb\":{\"@id\":\"https:\\\/\\\/zeitzudenken.arranca.de\\\/index.php\\\/unterstuetzerinnen\\\/#breadcrumb\"},\"inLanguage\":\"de\",\"potentialAction\":[{\"@type\":\"ReadAction\",\"target\":[\"https:\\\/\\\/zeitzudenken.arranca.de\\\/index.php\\\/unterstuetzerinnen\\\/\"]}]},{\"@type\":\"ImageObject\",\"inLanguage\":\"de\",\"@id\":\"https:\\\/\\\/zeitzudenken.arranca.de\\\/index.php\\\/unterstuetzerinnen\\\/#primaryimage\",\"url\":\"https:\\\/\\\/www.zeitzudenken.arranca.de\\\/wp-content\\\/uploads\\\/2025\\\/07\\\/falken-1.jpg\",\"contentUrl\":\"https:\\\/\\\/www.zeitzudenken.arranca.de\\\/wp-content\\\/uploads\\\/2025\\\/07\\\/falken-1.jpg\"},{\"@type\":\"BreadcrumbList\",\"@id\":\"https:\\\/\\\/zeitzudenken.arranca.de\\\/index.php\\\/unterstuetzerinnen\\\/#breadcrumb\",\"itemListElement\":[{\"@type\":\"ListItem\",\"position\":1,\"name\":\"Startseite\",\"item\":\"https:\\\/\\\/zeitzudenken.arranca.de\\\/\"},{\"@type\":\"ListItem\",\"position\":2,\"name\":\"Unterst\u00fctzung\"}]},{\"@type\":\"WebSite\",\"@id\":\"https:\\\/\\\/zeitzudenken.arranca.de\\\/#website\",\"url\":\"https:\\\/\\\/zeitzudenken.arranca.de\\\/\",\"name\":\"Zeit zu Denken\",\"description\":\"Antifa-Kongress zur Krise des Neoliberalismus\",\"publisher\":{\"@id\":\"https:\\\/\\\/zeitzudenken.arranca.de\\\/#organization\"},\"potentialAction\":[{\"@type\":\"SearchAction\",\"target\":{\"@type\":\"EntryPoint\",\"urlTemplate\":\"https:\\\/\\\/zeitzudenken.arranca.de\\\/?s={search_term_string}\"},\"query-input\":{\"@type\":\"PropertyValueSpecification\",\"valueRequired\":true,\"valueName\":\"search_term_string\"}}],\"inLanguage\":\"de\"},{\"@type\":\"Organization\",\"@id\":\"https:\\\/\\\/zeitzudenken.arranca.de\\\/#organization\",\"name\":\"Zeit zu Denken\",\"url\":\"https:\\\/\\\/zeitzudenken.arranca.de\\\/\",\"logo\":{\"@type\":\"ImageObject\",\"inLanguage\":\"de\",\"@id\":\"https:\\\/\\\/zeitzudenken.arranca.de\\\/#\\\/schema\\\/logo\\\/image\\\/\",\"url\":\"https:\\\/\\\/zeitzudenken.arranca.de\\\/wp-content\\\/uploads\\\/2026\\\/05\\\/cropped-Logo-rund-lila-1.png\",\"contentUrl\":\"https:\\\/\\\/zeitzudenken.arranca.de\\\/wp-content\\\/uploads\\\/2026\\\/05\\\/cropped-Logo-rund-lila-1.png\",\"width\":512,\"height\":512,\"caption\":\"Zeit zu Denken\"},\"image\":{\"@id\":\"https:\\\/\\\/zeitzudenken.arranca.de\\\/#\\\/schema\\\/logo\\\/image\\\/\"}}]}<\/script>\n<!-- \/ Yoast SEO plugin. -->","yoast_head_json":{"title":"Unterst\u00fctzung - Zeit zu Denken","robots":{"index":"index","follow":"follow","max-snippet":"max-snippet:-1","max-image-preview":"max-image-preview:large","max-video-preview":"max-video-preview:-1"},"canonical":"https:\/\/zeitzudenken.arranca.de\/index.php\/unterstuetzerinnen\/","og_locale":"de_DE","og_type":"article","og_title":"Unterst\u00fctzung - Zeit zu Denken","og_description":"Wer uns supportet &#8222;Zeit zu Denken&#8220; wird von verschiedenen Gruppen getragen und auf verschiedene Weise unterst\u00fctzt. Zu unseren Unterst\u00fctzer*innen geh\u00f6ren: SJD &#8211; Die Falken Erfurt Veto Erfurt Dissens Erfurt Kritik und Intervention &#8211; \/ Feministische Gruppe in Erfurt Rosa-Luxemburg-Stiftung Th\u00fcringen Bildungskollektiv (BiKo) Weitere Vernetzungstermine Antifaschistischer und Antirassistischer Ratschlag Th\u00fcringen","og_url":"https:\/\/zeitzudenken.arranca.de\/index.php\/unterstuetzerinnen\/","og_site_name":"Zeit zu Denken","article_modified_time":"2026-05-01T09:21:09+00:00","og_image":[{"width":1024,"height":470,"url":"https:\/\/zeitzudenken.arranca.de\/wp-content\/uploads\/2025\/07\/falken-1.jpg","type":"image\/jpeg"}],"twitter_card":"summary_large_image","twitter_misc":{"Gesch\u00e4tzte Lesezeit":"2\u00a0Minuten"},"schema":{"@context":"https:\/\/schema.org","@graph":[{"@type":"WebPage","@id":"https:\/\/zeitzudenken.arranca.de\/index.php\/unterstuetzerinnen\/","url":"https:\/\/zeitzudenken.arranca.de\/index.php\/unterstuetzerinnen\/","name":"Unterst\u00fctzung - Zeit zu Denken","isPartOf":{"@id":"https:\/\/zeitzudenken.arranca.de\/#website"},"primaryImageOfPage":{"@id":"https:\/\/zeitzudenken.arranca.de\/index.php\/unterstuetzerinnen\/#primaryimage"},"image":{"@id":"https:\/\/zeitzudenken.arranca.de\/index.php\/unterstuetzerinnen\/#primaryimage"},"thumbnailUrl":"https:\/\/www.zeitzudenken.arranca.de\/wp-content\/uploads\/2025\/07\/falken-1.jpg","datePublished":"2025-08-07T17:00:52+00:00","dateModified":"2026-05-01T09:21:09+00:00","breadcrumb":{"@id":"https:\/\/zeitzudenken.arranca.de\/index.php\/unterstuetzerinnen\/#breadcrumb"},"inLanguage":"de","potentialAction":[{"@type":"ReadAction","target":["https:\/\/zeitzudenken.arranca.de\/index.php\/unterstuetzerinnen\/"]}]},{"@type":"ImageObject","inLanguage":"de","@id":"https:\/\/zeitzudenken.arranca.de\/index.php\/unterstuetzerinnen\/#primaryimage","url":"https:\/\/www.zeitzudenken.arranca.de\/wp-content\/uploads\/2025\/07\/falken-1.jpg","contentUrl":"https:\/\/www.zeitzudenken.arranca.de\/wp-content\/uploads\/2025\/07\/falken-1.jpg"},{"@type":"BreadcrumbList","@id":"https:\/\/zeitzudenken.arranca.de\/index.php\/unterstuetzerinnen\/#breadcrumb","itemListElement":[{"@type":"ListItem","position":1,"name":"Startseite","item":"https:\/\/zeitzudenken.arranca.de\/"},{"@type":"ListItem","position":2,"name":"Unterst\u00fctzung"}]},{"@type":"WebSite","@id":"https:\/\/zeitzudenken.arranca.de\/#website","url":"https:\/\/zeitzudenken.arranca.de\/","name":"Zeit zu Denken","description":"Antifa-Kongress zur Krise des Neoliberalismus","publisher":{"@id":"https:\/\/zeitzudenken.arranca.de\/#organization"},"potentialAction":[{"@type":"SearchAction","target":{"@type":"EntryPoint","urlTemplate":"https:\/\/zeitzudenken.arranca.de\/?s={search_term_string}"},"query-input":{"@type":"PropertyValueSpecification","valueRequired":true,"valueName":"search_term_string"}}],"inLanguage":"de"},{"@type":"Organization","@id":"https:\/\/zeitzudenken.arranca.de\/#organization","name":"Zeit zu Denken","url":"https:\/\/zeitzudenken.arranca.de\/","logo":{"@type":"ImageObject","inLanguage":"de","@id":"https:\/\/zeitzudenken.arranca.de\/#\/schema\/logo\/image\/","url":"https:\/\/zeitzudenken.arranca.de\/wp-content\/uploads\/2026\/05\/cropped-Logo-rund-lila-1.png","contentUrl":"https:\/\/zeitzudenken.arranca.de\/wp-content\/uploads\/2026\/05\/cropped-Logo-rund-lila-1.png","width":512,"height":512,"caption":"Zeit zu Denken"},"image":{"@id":"https:\/\/zeitzudenken.arranca.de\/#\/schema\/logo\/image\/"}}]}},"_links":{"self":[{"href":"https:\/\/zeitzudenken.arranca.de\/index.php\/wp-json\/wp\/v2\/pages\/169","targetHints":{"allow":["GET"]}}],"collection":[{"href":"https:\/\/zeitzudenken.arranca.de\/index.php\/wp-json\/wp\/v2\/pages"}],"about":[{"href":"https:\/\/zeitzudenken.arranca.de\/index.php\/wp-json\/wp\/v2\/types\/page"}],"author":[{"embeddable":true,"href":"https:\/\/zeitzudenken.arranca.de\/index.php\/wp-json\/wp\/v2\/users\/1"}],"replies":[{"embeddable":true,"href":"https:\/\/zeitzudenken.arranca.de\/index.php\/wp-json\/wp\/v2\/comments?post=169"}],"version-history":[{"count":23,"href":"https:\/\/zeitzudenken.arranca.de\/index.php\/wp-json\/wp\/v2\/pages\/169\/revisions"}],"predecessor-version":[{"id":465,"href":"https:\/\/zeitzudenken.arranca.de\/index.php\/wp-json\/wp\/v2\/pages\/169\/revisions\/465"}],"wp:attachment":[{"href":"https:\/\/zeitzudenken.arranca.de\/index.php\/wp-json\/wp\/v2\/media?parent=169"}],"curies":[{"name":"wp","href":"https:\/\/api.w.org\/{rel}","templated":true}]}}